{"id":4616,"date":"2025-10-25T20:52:32","date_gmt":"2025-10-25T20:52:32","guid":{"rendered":"https:\/\/hotwings.com.co\/product\/jalapenos-rellenos-de-queso\/"},"modified":"2026-02-17T14:13:19","modified_gmt":"2026-02-17T19:13:19","slug":"croquetas-de-jalapeno","status":"publish","type":"product","link":"https:\/\/hotwings.com.co\/eng\/product\/croquetas-de-jalapeno\/","title":{"rendered":"Jalape\u00f1o Croquettes"},"content":{"rendered":"","protected":false},"excerpt":{"rendered":"<p>Our Jalape\u00f1o Croquettes are creamy croquettes filled with jalape\u00f1o and mozzarella cheese, accompanied by ranch sauce.<\/p>","protected":false},"featured_media":5223,"comment_status":"open","ping_status":"closed","template":"","meta":{"_acf_changed":false,"_uag_custom_page_level_css":"","site-sidebar-layout":"default","site-content-layout":"","ast-site-content-layout":"default","site-content-style":"default","site-sidebar-style":"default","ast-global-header-display":"","ast-banner-title-visibility":"","ast-main-header-display":"","ast-hfb-above-header-display":"","ast-hfb-below-header-display":"","ast-hfb-mobile-header-display":"","site-post-title":"","ast-breadcrumbs-content":"","ast-featured-img":"","footer-sml-layout":"","ast-disable-related-posts":"","theme-transparent-header-meta":"default","adv-header-id-meta":"","stick-header-meta":"default","header-above-stick-meta":"","header-main-stick-meta":"","header-below-stick-meta":"","astra-migrate-meta-layouts":"set","ast-page-background-enabled":"default","ast-page-background-meta":{"desktop":{"background-color":"var(--ast-global-color-5)","background-image":"","background-repeat":"repeat","background-position":"center center","background-size":"auto","background-attachment":"scroll","background-type":"","background-media":"","overlay-type":"","overlay-color":"","overlay-opacity":"","overlay-gradient":""},"tablet":{"background-color":"","background-image":"","background-repeat":"repeat","background-position":"center center","background-size":"auto","background-attachment":"scroll","background-type":"","background-media":"","overlay-type":"","overlay-color":"","overlay-opacity":"","overlay-gradient":""},"mobile":{"background-color":"","background-image":"","background-repeat":"repeat","background-position":"center center","background-size":"auto","background-attachment":"scroll","background-type":"","background-media":"","overlay-type":"","overlay-color":"","overlay-opacity":"","overlay-gradient":""}},"ast-content-background-meta":{"desktop":{"background-color":"var(--ast-global-color-4)","background-image":"","background-repeat":"repeat","background-position":"center center","background-size":"auto","background-attachment":"scroll","background-type":"","background-media":"","overlay-type":"","overlay-color":"","overlay-opacity":"","overlay-gradient":""},"tablet":{"background-color":"var(--ast-global-color-4)","background-image":"","background-repeat":"repeat","background-position":"center center","background-size":"auto","background-attachment":"scroll","background-type":"","background-media":"","overlay-type":"","overlay-color":"","overlay-opacity":"","overlay-gradient":""},"mobile":{"background-color":"var(--ast-global-color-4)","background-image":"","background-repeat":"repeat","background-position":"center center","background-size":"auto","background-attachment":"scroll","background-type":"","background-media":"","overlay-type":"","overlay-color":"","overlay-opacity":"","overlay-gradient":""}},"_joinchat":[]},"product_brand":[40],"product_cat":[39,23],"product_tag":[],"class_list":{"0":"post-4616","1":"product","2":"type-product","3":"status-publish","4":"has-post-thumbnail","6":"product_brand-hotwings","7":"product_cat-entradas","8":"product_cat-sides","9":"desktop-align-left","10":"tablet-align-left","11":"mobile-align-left","12":"ast-product-gallery-layout-horizontal-slider","13":"ast-product-gallery-with-no-image","14":"ast-product-tabs-layout-horizontal","16":"first","17":"instock","18":"shipping-taxable","19":"purchasable","20":"product-type-simple"},"acf":[],"uagb_featured_image_src":{"full":["https:\/\/hotwings.com.co\/wp-content\/uploads\/2025\/10\/Croquetas-de-Jalapeno.webp",1080,1350,false],"thumbnail":["https:\/\/hotwings.com.co\/wp-content\/uploads\/2025\/10\/Croquetas-de-Jalapeno-150x150.webp",150,150,true],"medium":["https:\/\/hotwings.com.co\/wp-content\/uploads\/2025\/10\/Croquetas-de-Jalapeno-240x300.webp",240,300,true],"medium_large":["https:\/\/hotwings.com.co\/wp-content\/uploads\/2025\/10\/Croquetas-de-Jalapeno-768x960.webp",768,960,true],"large":["https:\/\/hotwings.com.co\/wp-content\/uploads\/2025\/10\/Croquetas-de-Jalapeno-819x1024.webp",819,1024,true],"1536x1536":["https:\/\/hotwings.com.co\/wp-content\/uploads\/2025\/10\/Croquetas-de-Jalapeno.webp",1080,1350,false],"2048x2048":["https:\/\/hotwings.com.co\/wp-content\/uploads\/2025\/10\/Croquetas-de-Jalapeno.webp",1080,1350,false],"trp-custom-language-flag":["https:\/\/hotwings.com.co\/wp-content\/uploads\/2025\/10\/Croquetas-de-Jalapeno-10x12.webp",10,12,true],"woocommerce_thumbnail":["https:\/\/hotwings.com.co\/wp-content\/uploads\/2025\/10\/Croquetas-de-Jalapeno-300x300.webp",300,300,true],"woocommerce_single":["https:\/\/hotwings.com.co\/wp-content\/uploads\/2025\/10\/Croquetas-de-Jalapeno-600x750.webp",600,750,true],"woocommerce_gallery_thumbnail":["https:\/\/hotwings.com.co\/wp-content\/uploads\/2025\/10\/Croquetas-de-Jalapeno-100x100.webp",100,100,true]},"uagb_author_info":{"display_name":"Hot Wings","author_link":"https:\/\/hotwings.com.co\/eng\/author\/"},"uagb_comment_info":0,"uagb_excerpt":"Nuestros Croquetas de Jalape\u00f1o son croquetas cremosas rellenas de jalape\u00f1o y queso mozzarella, acompa\u00f1adas de salsa ranch.","_links":{"self":[{"href":"https:\/\/hotwings.com.co\/eng\/wp-json\/wp\/v2\/product\/4616","targetHints":{"allow":["GET"]}}],"collection":[{"href":"https:\/\/hotwings.com.co\/eng\/wp-json\/wp\/v2\/product"}],"about":[{"href":"https:\/\/hotwings.com.co\/eng\/wp-json\/wp\/v2\/types\/product"}],"replies":[{"embeddable":true,"href":"https:\/\/hotwings.com.co\/eng\/wp-json\/wp\/v2\/comments?post=4616"}],"version-history":[{"count":2,"href":"https:\/\/hotwings.com.co\/eng\/wp-json\/wp\/v2\/product\/4616\/revisions"}],"predecessor-version":[{"id":5224,"href":"https:\/\/hotwings.com.co\/eng\/wp-json\/wp\/v2\/product\/4616\/revisions\/5224"}],"wp:featuredmedia":[{"embeddable":true,"href":"https:\/\/hotwings.com.co\/eng\/wp-json\/wp\/v2\/media\/5223"}],"wp:attachment":[{"href":"https:\/\/hotwings.com.co\/eng\/wp-json\/wp\/v2\/media?parent=4616"}],"wp:term":[{"taxonomy":"product_brand","embeddable":true,"href":"https:\/\/hotwings.com.co\/eng\/wp-json\/wp\/v2\/product_brand?post=4616"},{"taxonomy":"product_cat","embeddable":true,"href":"https:\/\/hotwings.com.co\/eng\/wp-json\/wp\/v2\/product_cat?post=4616"},{"taxonomy":"product_tag","embeddable":true,"href":"https:\/\/hotwings.com.co\/eng\/wp-json\/wp\/v2\/product_tag?post=4616"}],"curies":[{"name":"wp","href":"https:\/\/api.w.org\/{rel}","templated":true}]}}