{"id":4625,"date":"2025-10-25T20:52:34","date_gmt":"2025-10-25T20:52:34","guid":{"rendered":"https:\/\/hotwings.com.co\/product\/hamburguesa-bbq-bourbon\/"},"modified":"2026-02-20T21:51:43","modified_gmt":"2026-02-21T02:51:43","slug":"hamburguesa-bbq-bourbon","status":"publish","type":"product","link":"https:\/\/hotwings.com.co\/eng\/product\/hamburguesa-bbq-bourbon\/","title":{"rendered":"Bourbon BBQ Burger"},"content":{"rendered":"","protected":false},"excerpt":{"rendered":"<p>Our Bourbon BBQ Burger features 150 grams of grilled beef, mixed greens, tomato, bourbon-caramelized onions, Philadelphia cheese, and bacon coated in BBQ Jack Daniel's. Served with your choice of fries (golden, French fries, or spiral).<\/p>","protected":false},"featured_media":4012,"comment_status":"open","ping_status":"closed","template":"","meta":{"_acf_changed":false,"_uag_custom_page_level_css":"","site-sidebar-layout":"default","site-content-layout":"","ast-site-content-layout":"default","site-content-style":"default","site-sidebar-style":"default","ast-global-header-display":"","ast-banner-title-visibility":"","ast-main-header-display":"","ast-hfb-above-header-display":"","ast-hfb-below-header-display":"","ast-hfb-mobile-header-display":"","site-post-title":"","ast-breadcrumbs-content":"","ast-featured-img":"","footer-sml-layout":"","ast-disable-related-posts":"","theme-transparent-header-meta":"","adv-header-id-meta":"","stick-header-meta":"","header-above-stick-meta":"","header-main-stick-meta":"","header-below-stick-meta":"","astra-migrate-meta-layouts":"default","ast-page-background-enabled":"default","ast-page-background-meta":{"desktop":{"background-color":"var(--ast-global-color-5)","background-image":"","background-repeat":"repeat","background-position":"center center","background-size":"auto","background-attachment":"scroll","background-type":"","background-media":"","overlay-type":"","overlay-color":"","overlay-opacity":"","overlay-gradient":""},"tablet":{"background-color":"","background-image":"","background-repeat":"repeat","background-position":"center center","background-size":"auto","background-attachment":"scroll","background-type":"","background-media":"","overlay-type":"","overlay-color":"","overlay-opacity":"","overlay-gradient":""},"mobile":{"background-color":"","background-image":"","background-repeat":"repeat","background-position":"center center","background-size":"auto","background-attachment":"scroll","background-type":"","background-media":"","overlay-type":"","overlay-color":"","overlay-opacity":"","overlay-gradient":""}},"ast-content-background-meta":{"desktop":{"background-color":"var(--ast-global-color-4)","background-image":"","background-repeat":"repeat","background-position":"center center","background-size":"auto","background-attachment":"scroll","background-type":"","background-media":"","overlay-type":"","overlay-color":"","overlay-opacity":"","overlay-gradient":""},"tablet":{"background-color":"var(--ast-global-color-4)","background-image":"","background-repeat":"repeat","background-position":"center center","background-size":"auto","background-attachment":"scroll","background-type":"","background-media":"","overlay-type":"","overlay-color":"","overlay-opacity":"","overlay-gradient":""},"mobile":{"background-color":"var(--ast-global-color-4)","background-image":"","background-repeat":"repeat","background-position":"center center","background-size":"auto","background-attachment":"scroll","background-type":"","background-media":"","overlay-type":"","overlay-color":"","overlay-opacity":"","overlay-gradient":""}},"_joinchat":[]},"product_brand":[40],"product_cat":[16,78,41],"product_tag":[],"class_list":{"0":"post-4625","1":"product","2":"type-product","3":"status-publish","4":"has-post-thumbnail","6":"product_brand-hotwings","7":"product_cat-burger","8":"product_cat-entre-panes","9":"product_cat-hamburguesas","10":"desktop-align-left","11":"tablet-align-left","12":"mobile-align-left","13":"ast-product-gallery-layout-horizontal-slider","14":"ast-product-gallery-with-no-image","15":"ast-product-tabs-layout-horizontal","17":"first","18":"instock","19":"shipping-taxable","20":"purchasable","21":"product-type-simple"},"acf":[],"uagb_featured_image_src":{"full":["https:\/\/hotwings.com.co\/wp-content\/uploads\/2024\/12\/Sony-4209-scaled.jpg",1707,2560,false],"thumbnail":["https:\/\/hotwings.com.co\/wp-content\/uploads\/2024\/12\/Sony-4209-150x150.jpg",150,150,true],"medium":["https:\/\/hotwings.com.co\/wp-content\/uploads\/2024\/12\/Sony-4209-200x300.jpg",200,300,true],"medium_large":["https:\/\/hotwings.com.co\/wp-content\/uploads\/2024\/12\/Sony-4209-768x1152.jpg",768,1152,true],"large":["https:\/\/hotwings.com.co\/wp-content\/uploads\/2024\/12\/Sony-4209-683x1024.jpg",683,1024,true],"1536x1536":["https:\/\/hotwings.com.co\/wp-content\/uploads\/2024\/12\/Sony-4209-1024x1536.jpg",1024,1536,true],"2048x2048":["https:\/\/hotwings.com.co\/wp-content\/uploads\/2024\/12\/Sony-4209-1365x2048.jpg",1365,2048,true],"trp-custom-language-flag":["https:\/\/hotwings.com.co\/wp-content\/uploads\/2024\/12\/Sony-4209-scaled.jpg",8,12,false],"woocommerce_thumbnail":["https:\/\/hotwings.com.co\/wp-content\/uploads\/2024\/12\/Sony-4209-300x300.jpg",300,300,true],"woocommerce_single":["https:\/\/hotwings.com.co\/wp-content\/uploads\/2024\/12\/Sony-4209-600x900.jpg",600,900,true],"woocommerce_gallery_thumbnail":["https:\/\/hotwings.com.co\/wp-content\/uploads\/2024\/12\/Sony-4209-100x100.jpg",100,100,true]},"uagb_author_info":{"display_name":"Hot Wings","author_link":"https:\/\/hotwings.com.co\/eng\/author\/"},"uagb_comment_info":0,"uagb_excerpt":"Nuestra Hamburguesa BBQ Bourbon, Tiene 150 grs de carne de res a la parrilla, m\u00e9zclum de lechugas, tomate, cebollas caramelizadas en bourbon, queso philadelphia y tocineta ba\u00f1ada en bbq jack daniels. Con tu elecci\u00f3n de papas (doradas, francesas o en espiral).","_links":{"self":[{"href":"https:\/\/hotwings.com.co\/eng\/wp-json\/wp\/v2\/product\/4625","targetHints":{"allow":["GET"]}}],"collection":[{"href":"https:\/\/hotwings.com.co\/eng\/wp-json\/wp\/v2\/product"}],"about":[{"href":"https:\/\/hotwings.com.co\/eng\/wp-json\/wp\/v2\/types\/product"}],"replies":[{"embeddable":true,"href":"https:\/\/hotwings.com.co\/eng\/wp-json\/wp\/v2\/comments?post=4625"}],"version-history":[{"count":1,"href":"https:\/\/hotwings.com.co\/eng\/wp-json\/wp\/v2\/product\/4625\/revisions"}],"predecessor-version":[{"id":5117,"href":"https:\/\/hotwings.com.co\/eng\/wp-json\/wp\/v2\/product\/4625\/revisions\/5117"}],"wp:featuredmedia":[{"embeddable":true,"href":"https:\/\/hotwings.com.co\/eng\/wp-json\/wp\/v2\/media\/4012"}],"wp:attachment":[{"href":"https:\/\/hotwings.com.co\/eng\/wp-json\/wp\/v2\/media?parent=4625"}],"wp:term":[{"taxonomy":"product_brand","embeddable":true,"href":"https:\/\/hotwings.com.co\/eng\/wp-json\/wp\/v2\/product_brand?post=4625"},{"taxonomy":"product_cat","embeddable":true,"href":"https:\/\/hotwings.com.co\/eng\/wp-json\/wp\/v2\/product_cat?post=4625"},{"taxonomy":"product_tag","embeddable":true,"href":"https:\/\/hotwings.com.co\/eng\/wp-json\/wp\/v2\/product_tag?post=4625"}],"curies":[{"name":"wp","href":"https:\/\/api.w.org\/{rel}","templated":true}]}}